{"id":66,"date":"2013-03-26T09:05:04","date_gmt":"2013-03-26T08:05:04","guid":{"rendered":"http:\/\/www.spider-tp.fr\/pelle-araignee\/?page_id=66"},"modified":"2013-03-26T18:35:41","modified_gmt":"2013-03-26T17:35:41","slug":"forage","status":"publish","type":"page","link":"http:\/\/www.spider-tp.fr\/pelle-araignee\/travaux\/forage\/","title":{"rendered":"Forage"},"content":{"rendered":"<p><strong>R\u00e9f\u00e9rences forage<\/strong> :<\/p>\n<p style=\"padding-left: 30px;\">&#8211; R\u00e9alisation de pieux explos\u00e9s ; entreprises CITEM, CAN, BTM, GGM<br \/>\n&#8211; Encrages paravalanches ; entreprise TAS<br \/>\n&#8211; Prise de terre pour RTE avec l\u2019entreprise TRAME<br \/>\n&#8211; Micro-pieux pour l\u2019entreprise  RHONE ALPES FONDATION<\/p>\nngg_shortcode_0_placeholder\n","protected":false},"excerpt":{"rendered":"<p>R\u00e9f\u00e9rences forage : &#8211; R\u00e9alisation de pieux explos\u00e9s ; entreprises CITEM, CAN, BTM, GGM &#8211; Encrages paravalanches ; entreprise TAS &#8211; Prise de terre pour RTE avec l\u2019entreprise TRAME &#8211; Micro-pieux pour l\u2019entreprise RHONE ALPES FONDATION<\/p>\n","protected":false},"author":4,"featured_media":0,"parent":19,"menu_order":60,"comment_status":"closed","ping_status":"closed","template":"","meta":{"ngg_post_thumbnail":0,"footnotes":"","_links_to":"","_links_to_target":""},"class_list":["post-66","page","type-page","status-publish","hentry"],"_links":{"self":[{"href":"http:\/\/www.spider-tp.fr\/pelle-araignee\/wp-json\/wp\/v2\/pages\/66"}],"collection":[{"href":"http:\/\/www.spider-tp.fr\/pelle-araignee\/wp-json\/wp\/v2\/pages"}],"about":[{"href":"http:\/\/www.spider-tp.fr\/pelle-araignee\/wp-json\/wp\/v2\/types\/page"}],"author":[{"embeddable":true,"href":"http:\/\/www.spider-tp.fr\/pelle-araignee\/wp-json\/wp\/v2\/users\/4"}],"replies":[{"embeddable":true,"href":"http:\/\/www.spider-tp.fr\/pelle-araignee\/wp-json\/wp\/v2\/comments?post=66"}],"version-history":[{"count":2,"href":"http:\/\/www.spider-tp.fr\/pelle-araignee\/wp-json\/wp\/v2\/pages\/66\/revisions"}],"predecessor-version":[{"id":124,"href":"http:\/\/www.spider-tp.fr\/pelle-araignee\/wp-json\/wp\/v2\/pages\/66\/revisions\/124"}],"up":[{"embeddable":true,"href":"http:\/\/www.spider-tp.fr\/pelle-araignee\/wp-json\/wp\/v2\/pages\/19"}],"wp:attachment":[{"href":"http:\/\/www.spider-tp.fr\/pelle-araignee\/wp-json\/wp\/v2\/media?parent=66"}],"curies":[{"name":"wp","href":"https:\/\/api.w.org\/{rel}","templated":true}]}}