{"id":68,"date":"2013-03-26T09:06:21","date_gmt":"2013-03-26T08:06:21","guid":{"rendered":"http:\/\/www.spider-tp.fr\/pelle-araignee\/?page_id=68"},"modified":"2013-03-26T18:36:10","modified_gmt":"2013-03-26T17:36:10","slug":"pistes-de-ski","status":"publish","type":"page","link":"http:\/\/www.spider-tp.fr\/pelle-araignee\/travaux\/pistes-de-ski\/","title":{"rendered":"Pistes de ski"},"content":{"rendered":"<p><strong>R\u00e9f\u00e9rences pistes de ski<\/strong> :<\/p>\n<p style=\"padding-left: 30px;\">&#8211; Am\u00e9nagement des pistes arriv\u00e9e du t\u00e9l\u00e9ph\u00e9riques de l\u2019Aiguille Rouge<br \/>\n&#8211; Piste de l\u2019Ep\u00e9na ; Pralognan la Vanoise<br \/>\n&#8211; Epierrage du glacier du col ; Val Thorens SETAM<br \/>\n&#8211; Mise en place d\u2019encrage pour l\u2019amarrage des chenillettes \u00e9quip\u00e9e de treuil ; la Plagne  SAP<\/p>\nngg_shortcode_0_placeholder\n","protected":false},"excerpt":{"rendered":"<p>R\u00e9f\u00e9rences pistes de ski : &#8211; Am\u00e9nagement des pistes arriv\u00e9e du t\u00e9l\u00e9ph\u00e9riques de l\u2019Aiguille Rouge &#8211; Piste de l\u2019Ep\u00e9na ; Pralognan la Vanoise &#8211; Epierrage du glacier du col ; Val Thorens SETAM &#8211; Mise en place d\u2019encrage pour l\u2019amarrage &hellip; <a href=\"http:\/\/www.spider-tp.fr\/pelle-araignee\/travaux\/pistes-de-ski\/\">Lire la suite <span class=\"meta-nav\">&rarr;<\/span><\/a><\/p>\n","protected":false},"author":4,"featured_media":0,"parent":19,"menu_order":70,"comment_status":"closed","ping_status":"closed","template":"","meta":{"ngg_post_thumbnail":0,"footnotes":"","_links_to":"","_links_to_target":""},"class_list":["post-68","page","type-page","status-publish","hentry"],"_links":{"self":[{"href":"http:\/\/www.spider-tp.fr\/pelle-araignee\/wp-json\/wp\/v2\/pages\/68"}],"collection":[{"href":"http:\/\/www.spider-tp.fr\/pelle-araignee\/wp-json\/wp\/v2\/pages"}],"about":[{"href":"http:\/\/www.spider-tp.fr\/pelle-araignee\/wp-json\/wp\/v2\/types\/page"}],"author":[{"embeddable":true,"href":"http:\/\/www.spider-tp.fr\/pelle-araignee\/wp-json\/wp\/v2\/users\/4"}],"replies":[{"embeddable":true,"href":"http:\/\/www.spider-tp.fr\/pelle-araignee\/wp-json\/wp\/v2\/comments?post=68"}],"version-history":[{"count":3,"href":"http:\/\/www.spider-tp.fr\/pelle-araignee\/wp-json\/wp\/v2\/pages\/68\/revisions"}],"predecessor-version":[{"id":125,"href":"http:\/\/www.spider-tp.fr\/pelle-araignee\/wp-json\/wp\/v2\/pages\/68\/revisions\/125"}],"up":[{"embeddable":true,"href":"http:\/\/www.spider-tp.fr\/pelle-araignee\/wp-json\/wp\/v2\/pages\/19"}],"wp:attachment":[{"href":"http:\/\/www.spider-tp.fr\/pelle-araignee\/wp-json\/wp\/v2\/media?parent=68"}],"curies":[{"name":"wp","href":"https:\/\/api.w.org\/{rel}","templated":true}]}}