{"id":76,"date":"2013-03-26T09:10:12","date_gmt":"2013-03-26T08:10:12","guid":{"rendered":"http:\/\/www.spider-tp.fr\/pelle-araignee\/?page_id=76"},"modified":"2013-03-26T18:41:10","modified_gmt":"2013-03-26T17:41:10","slug":"aquatiques","status":"publish","type":"page","link":"http:\/\/www.spider-tp.fr\/pelle-araignee\/travaux\/aquatiques\/","title":{"rendered":"Travaux aquatiques"},"content":{"rendered":"<p><strong>R\u00e9f\u00e9rences travaux aquatiques<\/strong> :<\/p>\n<p style=\"padding-left: 30px;\">&#8211; Soci\u00e9t\u00e9 Corse de Travaux Maritimes<\/p>\nngg_shortcode_0_placeholder\n","protected":false},"excerpt":{"rendered":"<p>R\u00e9f\u00e9rences travaux aquatiques : &#8211; Soci\u00e9t\u00e9 Corse de Travaux Maritimes<\/p>\n","protected":false},"author":4,"featured_media":0,"parent":19,"menu_order":120,"comment_status":"closed","ping_status":"closed","template":"","meta":{"ngg_post_thumbnail":0,"footnotes":"","_links_to":"","_links_to_target":""},"class_list":["post-76","page","type-page","status-publish","hentry"],"_links":{"self":[{"href":"http:\/\/www.spider-tp.fr\/pelle-araignee\/wp-json\/wp\/v2\/pages\/76"}],"collection":[{"href":"http:\/\/www.spider-tp.fr\/pelle-araignee\/wp-json\/wp\/v2\/pages"}],"about":[{"href":"http:\/\/www.spider-tp.fr\/pelle-araignee\/wp-json\/wp\/v2\/types\/page"}],"author":[{"embeddable":true,"href":"http:\/\/www.spider-tp.fr\/pelle-araignee\/wp-json\/wp\/v2\/users\/4"}],"replies":[{"embeddable":true,"href":"http:\/\/www.spider-tp.fr\/pelle-araignee\/wp-json\/wp\/v2\/comments?post=76"}],"version-history":[{"count":5,"href":"http:\/\/www.spider-tp.fr\/pelle-araignee\/wp-json\/wp\/v2\/pages\/76\/revisions"}],"predecessor-version":[{"id":132,"href":"http:\/\/www.spider-tp.fr\/pelle-araignee\/wp-json\/wp\/v2\/pages\/76\/revisions\/132"}],"up":[{"embeddable":true,"href":"http:\/\/www.spider-tp.fr\/pelle-araignee\/wp-json\/wp\/v2\/pages\/19"}],"wp:attachment":[{"href":"http:\/\/www.spider-tp.fr\/pelle-araignee\/wp-json\/wp\/v2\/media?parent=76"}],"curies":[{"name":"wp","href":"https:\/\/api.w.org\/{rel}","templated":true}]}}