{"id":79,"date":"2013-03-26T09:11:30","date_gmt":"2013-03-26T08:11:30","guid":{"rendered":"http:\/\/www.spider-tp.fr\/pelle-araignee\/?page_id=79"},"modified":"2013-03-26T18:41:40","modified_gmt":"2013-03-26T17:41:40","slug":"vignes","status":"publish","type":"page","link":"http:\/\/www.spider-tp.fr\/pelle-araignee\/travaux\/vignes\/","title":{"rendered":"Vignes"},"content":{"rendered":"<p><strong>R\u00e9f\u00e9rences vignes<\/strong> :<\/p>\n<p style=\"padding-left: 30px;\">&#8211; Communaut\u00e9 de Commune C\u0153ur de Maurienne<\/p>\nngg_shortcode_0_placeholder\n","protected":false},"excerpt":{"rendered":"<p>R\u00e9f\u00e9rences vignes : &#8211; Communaut\u00e9 de Commune C\u0153ur de Maurienne<\/p>\n","protected":false},"author":4,"featured_media":0,"parent":19,"menu_order":130,"comment_status":"closed","ping_status":"closed","template":"","meta":{"ngg_post_thumbnail":0,"footnotes":"","_links_to":"","_links_to_target":""},"class_list":["post-79","page","type-page","status-publish","hentry"],"_links":{"self":[{"href":"http:\/\/www.spider-tp.fr\/pelle-araignee\/wp-json\/wp\/v2\/pages\/79"}],"collection":[{"href":"http:\/\/www.spider-tp.fr\/pelle-araignee\/wp-json\/wp\/v2\/pages"}],"about":[{"href":"http:\/\/www.spider-tp.fr\/pelle-araignee\/wp-json\/wp\/v2\/types\/page"}],"author":[{"embeddable":true,"href":"http:\/\/www.spider-tp.fr\/pelle-araignee\/wp-json\/wp\/v2\/users\/4"}],"replies":[{"embeddable":true,"href":"http:\/\/www.spider-tp.fr\/pelle-araignee\/wp-json\/wp\/v2\/comments?post=79"}],"version-history":[{"count":3,"href":"http:\/\/www.spider-tp.fr\/pelle-araignee\/wp-json\/wp\/v2\/pages\/79\/revisions"}],"predecessor-version":[{"id":133,"href":"http:\/\/www.spider-tp.fr\/pelle-araignee\/wp-json\/wp\/v2\/pages\/79\/revisions\/133"}],"up":[{"embeddable":true,"href":"http:\/\/www.spider-tp.fr\/pelle-araignee\/wp-json\/wp\/v2\/pages\/19"}],"wp:attachment":[{"href":"http:\/\/www.spider-tp.fr\/pelle-araignee\/wp-json\/wp\/v2\/media?parent=79"}],"curies":[{"name":"wp","href":"https:\/\/api.w.org\/{rel}","templated":true}]}}